{"id":19,"date":"2024-03-19T10:44:57","date_gmt":"2024-03-19T10:44:57","guid":{"rendered":"https:\/\/funanart.org.do\/?page_id=19"},"modified":"2025-06-30T17:49:46","modified_gmt":"2025-06-30T17:49:46","slug":"sobre-nosotros","status":"publish","type":"page","link":"https:\/\/funanart.org.do\/index.php\/sobre-nosotros\/","title":{"rendered":"Sobre Nosotros"},"content":{"rendered":"\t\t<div data-elementor-type=\"wp-page\" data-elementor-id=\"19\" class=\"elementor elementor-19\" data-elementor-post-type=\"page\">\n\t\t\t\t<div class=\"elementor-element elementor-element-8b226e0 e-flex e-con-boxed e-con e-parent\" data-id=\"8b226e0\" data-element_type=\"container\" data-settings=\"{&quot;background_background&quot;:&quot;classic&quot;}\">\n\t\t\t\t\t<div class=\"e-con-inner\">\n\t\t<div class=\"elementor-element elementor-element-494b57a3 e-flex e-con-boxed e-con e-child\" data-id=\"494b57a3\" data-element_type=\"container\">\n\t\t\t\t\t<div class=\"e-con-inner\">\n\t\t\t\t<div class=\"elementor-element elementor-element-32913fe elementor-widget elementor-widget-spacer\" data-id=\"32913fe\" data-element_type=\"widget\" data-widget_type=\"spacer.default\">\n\t\t\t\t<div class=\"elementor-widget-container\">\n\t\t\t\t\t\t\t<div class=\"elementor-spacer\">\n\t\t\t<div class=\"elementor-spacer-inner\"><\/div>\n\t\t<\/div>\n\t\t\t\t\t\t<\/div>\n\t\t\t\t<\/div>\n\t\t\t\t<div class=\"elementor-element elementor-element-1748380f animated-slow elementor-widget elementor-widget-heading\" data-id=\"1748380f\" data-element_type=\"widget\" data-settings=\"{&quot;_animation&quot;:&quot;none&quot;}\" data-widget_type=\"heading.default\">\n\t\t\t\t<div class=\"elementor-widget-container\">\n\t\t\t\t\t<h2 class=\"elementor-heading-title elementor-size-default\">Sobre Nosotros<\/h2>\t\t\t\t<\/div>\n\t\t\t\t<\/div>\n\t\t\t\t<div class=\"elementor-element elementor-element-73ec999 elementor-widget elementor-widget-spacer\" data-id=\"73ec999\" data-element_type=\"widget\" data-widget_type=\"spacer.default\">\n\t\t\t\t<div class=\"elementor-widget-container\">\n\t\t\t\t\t\t\t<div class=\"elementor-spacer\">\n\t\t\t<div class=\"elementor-spacer-inner\"><\/div>\n\t\t<\/div>\n\t\t\t\t\t\t<\/div>\n\t\t\t\t<\/div>\n\t\t\t\t<div class=\"elementor-element elementor-element-c82dd6f elementor-widget elementor-widget-text-editor\" data-id=\"c82dd6f\" data-element_type=\"widget\" data-widget_type=\"text-editor.default\">\n\t\t\t\t<div class=\"elementor-widget-container\">\n\t\t\t\t\t\t\t\t\t<p>La Fundaci\u00f3n Nacional de Ni\u00f1os Por las Artes \u201cFUNANART\u201d, creada mediante decreto No. 585, de fecha 16 de junio del 2003.<\/p><p>Surge ante la necesidad de trabajar con ni\u00f1os, ni\u00f1as y adolescentes que poseen capacidades art\u00edsticas y no cuentan con recursos econ\u00f3micos para sorber estas inquietudes, estas son y ser\u00e1n la m\u00e9dula espinal que sostienen a FUNANART como un espacio id\u00f3neo para la formaci\u00f3n integral de los estudiantes, proporcion\u00e1ndoles un desarrollo integral de calidad.<\/p><p>Formamos art\u00edsticamente entre las edades de 6 a 16 a\u00f1os proporcion\u00e1ndoles un desarrollo integral de calidad y realizamos clases de diferentes actividades. Contamos con una galer\u00eda de artes para promocionar trabajos art\u00edsticos.<\/p><p>Nuestro principal objetivo es promover el desarrollo de la apreciaci\u00f3n art\u00edstica y el inter\u00e9s en la ni\u00f1ez dominicana que posee talento y habilidades en este \u00e1mbito, pero que carecen de oportunidades y recursos econ\u00f3micos suficientes para realizar estas disciplinas y a\u00fan m\u00e1s, desarrollar todo el potencial que poseen.<\/p><p>Para garantizar este tipo de formaci\u00f3n en FUNANART realizamos actividades de formaci\u00f3n integral como un proceso continuo, permanente y participativo en busca de desarrollar competencias armon\u00eda y coherencia entre todas y cada una de las dimensiones del ser humano, a fin de lograr su realizaci\u00f3n plena entre todos los que la forman.<\/p><p>Al mismo tiempo que realizamos m\u00e1steres, diplomados, cursos, talleres, congresos, cl\u00ednicas, conciertos, visitas guiadas, exposiciones art\u00edsticas, donaciones en colaboraci\u00f3n con diferentes instituciones p\u00fablicas y privadas.<\/p><p>A trav\u00e9s de los a\u00f1os hemos sostenido acuerdos con diferentes instituciones educativas con el objetivo de generar oportunidades y resultados de igual calidad para todos y garantizar en nuestros estudiantes aprendizajes pertinentes y de calidad, como un factor favorable para el desarrollo y la competitividad.<\/p><p>Desarrollamos proyectos de buenas pr\u00e1cticas para mejorar la calidad de vida de estos ni\u00f1os; tarea que, en buena medida, consiste en que las actividades que se promuevan y puedan ofrecer una respuesta educativa, para la formaci\u00f3n art\u00edstica e integral, ajustada a la diversidad de los ni\u00f1os y con esto lograr mayores beneficios en su entorno.<\/p><p>Hemos realizado proyecto con diferentes instituciones del pa\u00eds tanto p\u00fablica como privadas tales como la OEI, MINERD, Embajada de Francia, Ministerio de Medio Ambiente, Banreservas, Grupo Mejia Arcala,\u00a0 MINERD, Facultad de Artes de la \u201cUASD\u201d. Museo de Artes Moderno, Laboratorios Sued, Alianza Francesa, diferentes fundaciones, escuelas Bachillerato en Artes del Minerd, INAFOCAM, Departamento de Cultura de la Fuerza A\u00e9rea de la Rep. Dom.\u00a0 y la universidad CEF -UDIMA de Madrid.<\/p><p>Somos partes del proyecto Internacional City Hope y enlace del Concurso Internacional de Artes Pl\u00e1sticas y Poes\u00eda en lengua francesa &#8211; Organizado por el Centro de la UNESCO Louis Fran\u00e7ois de Paris.<\/p><p>Despu\u00e9s de 20 a\u00f1os de arduo trabajo \u201cFUNANART\u201d ha venido realizando trabajo por la difusi\u00f3n del arte y concientizando sobre la manera en que este contribuye al desarrollo de habilidades y valores en los procesos de formaci\u00f3n del ser humano. Por lo que contamos con excelentes profesionales del arte y la cultura.<\/p><p>Somos precursores e ide\u00f3logo del proyecto M\u00e1ster en Artes y Educaci\u00f3n Intrapersonal en acuerdo con la Universidad a Distancia de Madrid \u201cUDIMA\u201d. Ya con la 5ta edici\u00f3n en Rep. Dom.<\/p>\t\t\t\t\t\t\t\t<\/div>\n\t\t\t\t<\/div>\n\t\t\t\t\t<\/div>\n\t\t\t\t<\/div>\n\t\t\t\t\t<\/div>\n\t\t\t\t<\/div>\n\t\t<div class=\"elementor-element elementor-element-06d86d6 e-flex e-con-boxed e-con e-parent\" data-id=\"06d86d6\" data-element_type=\"container\">\n\t\t\t\t\t<div class=\"e-con-inner\">\n\t\t<div class=\"elementor-element elementor-element-5ed2fbe e-con-full e-flex e-con e-child\" data-id=\"5ed2fbe\" data-element_type=\"container\">\n\t\t\t\t<div class=\"elementor-element elementor-element-28d2d88 ekit-equal-height-enable elementor-widget elementor-widget-elementskit-icon-box\" data-id=\"28d2d88\" data-element_type=\"widget\" data-widget_type=\"elementskit-icon-box.default\">\n\t\t\t\t<div class=\"elementor-widget-container\">\n\t\t\t\t\t<div class=\"ekit-wid-con\" >        <!-- link opening -->\n                <!-- end link opening -->\n\n        <div class=\"elementskit-infobox text-center text- icon-top-align elementor-animation-   \">\n                    <div class=\"elementskit-box-header elementor-animation-\">\n                <div class=\"elementskit-info-box-icon  \">\n                    <i aria-hidden=\"true\" class=\"elementkit-infobox-icon icon icon-flag1\"><\/i>\n                <\/div>\n          <\/div>\n                        <div class=\"box-body\">\n                            <h3 class=\"elementskit-info-box-title\">\n                    Misi\u00f3n                <\/h3>\n                        \t\t  \t<p>Formar ni\u00f1os y adolescentes art\u00edsticamente, proporcion\u00e1ndoles un desarrollo integral de calidad. A trav\u00e9s de sus programas, busca mejorar su calidad de vida, tarea que, en buena medida, consiste en promover aquellas actividades que ofrecen y garantizan una respuesta educativa a la formaci\u00f3n art\u00edstica e integral ajustada a la diversidad.<\/p>\n                                <\/div>\n        \n        \n                <\/div>\n        <\/div>\t\t\t\t<\/div>\n\t\t\t\t<\/div>\n\t\t\t\t<\/div>\n\t\t<div class=\"elementor-element elementor-element-d4d0c91 e-con-full e-flex e-con e-child\" data-id=\"d4d0c91\" data-element_type=\"container\">\n\t\t\t\t<div class=\"elementor-element elementor-element-371d9fb ekit-equal-height-enable elementor-widget elementor-widget-elementskit-icon-box\" data-id=\"371d9fb\" data-element_type=\"widget\" data-widget_type=\"elementskit-icon-box.default\">\n\t\t\t\t<div class=\"elementor-widget-container\">\n\t\t\t\t\t<div class=\"ekit-wid-con\" >        <!-- link opening -->\n                <!-- end link opening -->\n\n        <div class=\"elementskit-infobox text-center text- icon-top-align elementor-animation-   \">\n                    <div class=\"elementskit-box-header elementor-animation-\">\n                <div class=\"elementskit-info-box-icon  \">\n                    <i aria-hidden=\"true\" class=\"elementkit-infobox-icon icon icon-eye\"><\/i>\n                <\/div>\n          <\/div>\n                        <div class=\"box-body\">\n                            <h3 class=\"elementskit-info-box-title\">\n                    Visi\u00f3n                <\/h3>\n                        \t\t  \t<p>Insertar a la mayor parte de ni\u00f1os, ni\u00f1as, adolescentes y adultos en un espacio de formaci\u00f3n art\u00edstica mejorando su calidad como ente individual y social expresando sus emociones, al tiempo que disfrutan del sano aprendizaje de diversas disciplinas art\u00edsticas y que FUNANART se reconozca por su capacidad de trabajo. Adem\u00e1s de mantener un esp\u00edritu de familiaridad entre FUNANART - FAMILIA y FAMILIA - FUNANART.<\/p>\n                                <\/div>\n        \n        \n                <\/div>\n        <\/div>\t\t\t\t<\/div>\n\t\t\t\t<\/div>\n\t\t\t\t<\/div>\n\t\t<div class=\"elementor-element elementor-element-fa4272e e-con-full e-flex e-con e-child\" data-id=\"fa4272e\" data-element_type=\"container\">\n\t\t\t\t<div class=\"elementor-element elementor-element-b766ea9 ekit-equal-height-enable elementor-widget elementor-widget-elementskit-icon-box\" data-id=\"b766ea9\" data-element_type=\"widget\" data-widget_type=\"elementskit-icon-box.default\">\n\t\t\t\t<div class=\"elementor-widget-container\">\n\t\t\t\t\t<div class=\"ekit-wid-con\" >        <!-- link opening -->\n                <!-- end link opening -->\n\n        <div class=\"elementskit-infobox text-center text- icon-top-align elementor-animation-   \">\n                    <div class=\"elementskit-box-header elementor-animation-\">\n                <div class=\"elementskit-info-box-icon  \">\n                    <i aria-hidden=\"true\" class=\"elementkit-infobox-icon icon icon-diamond1\"><\/i>\n                <\/div>\n          <\/div>\n                        <div class=\"box-body\">\n                            <h3 class=\"elementskit-info-box-title\">\n                    Valores                <\/h3>\n                        \t\t  \t<p>Nuestros valores fundamentales son la excelencia, el trabajo en equipo y la responsabilidad profesional en beneficio de los m\u00e1s necesitados. Defendemos el capital intelectual como el mejor activo que poseemos y queremos que sea mejorado, compartido y potenciado por todos los que se incorporen a este proyecto.<\/p>\n                                <\/div>\n        \n        \n                <\/div>\n        <\/div>\t\t\t\t<\/div>\n\t\t\t\t<\/div>\n\t\t\t\t<\/div>\n\t\t\t\t\t<\/div>\n\t\t\t\t<\/div>\n\t\t<div class=\"elementor-element elementor-element-10fd820 e-flex e-con-boxed e-con e-parent\" data-id=\"10fd820\" data-element_type=\"container\">\n\t\t\t\t\t<div class=\"e-con-inner\">\n\t\t\t\t<div class=\"elementor-element elementor-element-21fff6a elementor-widget elementor-widget-spacer\" data-id=\"21fff6a\" data-element_type=\"widget\" data-widget_type=\"spacer.default\">\n\t\t\t\t<div class=\"elementor-widget-container\">\n\t\t\t\t\t\t\t<div class=\"elementor-spacer\">\n\t\t\t<div class=\"elementor-spacer-inner\"><\/div>\n\t\t<\/div>\n\t\t\t\t\t\t<\/div>\n\t\t\t\t<\/div>\n\t\t\t\t\t<\/div>\n\t\t\t\t<\/div>\n\t\t<div class=\"elementor-element elementor-element-63e4214 e-flex e-con-boxed e-con e-parent\" data-id=\"63e4214\" data-element_type=\"container\">\n\t\t\t\t\t<div class=\"e-con-inner\">\n\t\t\t\t<div class=\"elementor-element elementor-element-de89fc7 elementor-widget elementor-widget-elementskit-team\" data-id=\"de89fc7\" data-element_type=\"widget\" data-widget_type=\"elementskit-team.default\">\n\t\t\t\t<div class=\"elementor-widget-container\">\n\t\t\t\t\t<div class=\"ekit-wid-con\">\t\t\t\t\t\t\t\t\n\t\t<div class=\"profile-card elementor-animation- text-center ekit-team-style-default\">\n\t\t\t\t\t\t\t<a aria-label=\"profile\" href=\"javascript:void(0)\" data-mfp-src=\"#ekit_team_modal_de89fc7_19\" class=\"ekit-team-popup\">\n\t\t\t\t\t\t\n\t\t\t\t<div class=\"profile-header ekit-team-img ekit-img-overlay ekit-team-img-block\"  data-toggle=\"modal\" data-target=\"ekit_team_modal_#de89fc7_19\" >\n\t\t\t\t\t<img fetchpriority=\"high\" decoding=\"async\" width=\"800\" height=\"791\" src=\"https:\/\/funanart.org.do\/wp-content\/uploads\/2025\/06\/Anna-1024x1013.png\" class=\"attachment-large size-large wp-image-624\" alt=\"\" srcset=\"https:\/\/funanart.org.do\/wp-content\/uploads\/2025\/06\/Anna-1024x1013.png 1024w, https:\/\/funanart.org.do\/wp-content\/uploads\/2025\/06\/Anna-300x297.png 300w, https:\/\/funanart.org.do\/wp-content\/uploads\/2025\/06\/Anna-768x760.png 768w, https:\/\/funanart.org.do\/wp-content\/uploads\/2025\/06\/Anna.png 1047w\" sizes=\"(max-width: 800px) 100vw, 800px\" \/>\t\t\t\t<\/div><!-- .profile-header END -->\n\t\t\t\t\t\t\t<\/a>\n\t\t\t\t\t\t\n\n\t\t\t\t<div class=\"profile-body\">\n\t\t\t\t\t\n\t\t\t\t\t<h2 class=\"profile-title\">\n\t\t\t\t\t\t\t\t\t\t\t<a aria-label=\"profile\" href=\"javascript:void(0)\" data-mfp-src=\"#ekit_team_modal_de89fc7_19\" class=\"ekit-team-popup\">\n\t\t\t\t\t\tAna N\u00fa\u00f1ez Almonte\t\t\t\t\t\t<\/a>\n\t\t\t\t\t\t\t\t\t\t\t<\/h2>\n\t\t\t\t\t<p class=\"profile-designation\">Presidenta y Fundadora <\/p>\n\t\t\t\t\t\t\t\t\t<\/div><!-- .profile-body END -->\n\n\t\t\t\t\t\t\t\t<\/div>\n\t\t\t\t\t\t\t\n\t\t\t\n\t\t\t\t\t<div class=\"zoom-anim-dialog mfp-hide elementskit-team-popup team-popup-id-de89fc7\" id=\"ekit_team_modal_de89fc7_19\" tabindex=\"-1\" role=\"dialog\" aria-hidden=\"true\">\n\t\t\t\t<div class=\"modal-dialog modal-dialog-centered\" role=\"document\">\n\t\t\t\t\t<div class=\"modal-content\">\n\t\t\t\t\t\t<button type=\"button\" class=\"ekit-team-modal-close\">\n\t\t\t\t\t\t\t<svg aria-hidden=\"true\" class=\"e-font-icon-svg e-fas-times\" viewBox=\"0 0 352 512\" xmlns=\"http:\/\/www.w3.org\/2000\/svg\"><path d=\"M242.72 256l100.07-100.07c12.28-12.28 12.28-32.19 0-44.48l-22.24-22.24c-12.28-12.28-32.19-12.28-44.48 0L176 189.28 75.93 89.21c-12.28-12.28-32.19-12.28-44.48 0L9.21 111.45c-12.28 12.28-12.28 32.19 0 44.48L109.28 256 9.21 356.07c-12.28 12.28-12.28 32.19 0 44.48l22.24 22.24c12.28 12.28 32.2 12.28 44.48 0L176 322.72l100.07 100.07c12.28 12.28 32.2 12.28 44.48 0l22.24-22.24c12.28-12.28 12.28-32.19 0-44.48L242.72 256z\"><\/path><\/svg>\t\t\t\t\t\t<\/button>\n\n\t\t\t\t\t\t<div class=\"modal-body\">\n\t\t\t\t\t\t\t\t\t\t\t\t\t\t\t<div class=\"ekit-team-modal-img\">\n\t\t\t\t\t\t\t\t\t<img fetchpriority=\"high\" decoding=\"async\" width=\"800\" height=\"791\" src=\"https:\/\/funanart.org.do\/wp-content\/uploads\/2025\/06\/Anna-1024x1013.png\" class=\"attachment-large size-large wp-image-624\" alt=\"\" srcset=\"https:\/\/funanart.org.do\/wp-content\/uploads\/2025\/06\/Anna-1024x1013.png 1024w, https:\/\/funanart.org.do\/wp-content\/uploads\/2025\/06\/Anna-300x297.png 300w, https:\/\/funanart.org.do\/wp-content\/uploads\/2025\/06\/Anna-768x760.png 768w, https:\/\/funanart.org.do\/wp-content\/uploads\/2025\/06\/Anna.png 1047w\" sizes=\"(max-width: 800px) 100vw, 800px\" \/>\t\t\t\t\t\t\t\t<\/div>\n\t\t\t\t\t\t\t\n\t\t\t\t\t\t\t<div class=\"ekit-team-modal-info has-img\">\n\t\t\t\t\t\t\t\t<h2 class=\"ekit-team-modal-title\">Ana N\u00fa\u00f1ez Almonte<\/h2>\n\t\t\t\t\t\t\t\t<p class=\"ekit-team-modal-position\">Presidenta y Fundadora <\/p>\n\t\t\t\t\t\t\t\t\n\t\t\t\t\t\t\t\t<div class=\"ekit-team-modal-content\">\n\t\t\t\t\t\t\t\t\tDominicana, M\u00e1ster en Educaci\u00f3n Musical (UASD), Direcci\u00f3n de Proyectos, Experta en Gesti\u00f3n de Proyectos y Cooperaci\u00f3n de ONG para el desarrollo, M\u00e1ster en Cooperaci\u00f3n Internacional para el Desarrollo de los pueblos, postgrado en Educaci\u00f3n Musical (UASD) y Art\u00edstica de la Organizaci\u00f3n de Estados Iberoamericano \u2015OEI y la Universidad de Valladolid (Espa\u00f1a), Licenciada en Lenguas Modernas (Menci\u00f3n Ingl\u00e9s) de la Universidad Aut\u00f3noma de Santo Domingo (UASD).\n<br><br>\nEscritora de m\u00e1s de 6 libros entre los que se destacan Manual de Teor\u00eda y Pr\u00e1ctica Para Flauta Dulce aprobado en los Estados Unidos en m\u00e1s de 50 Escuelas, Bellas Artes, MINERD, UASD y las tiendas m\u00e1s importantes de Espa\u00f1a y Mi Tesorito Musical.  \n<br><br>\nEstudi\u00f3 m\u00fasica desde los 12 a\u00f1os en la escuela de m\u00fasica de Juan Rosado de su ciudad natal, luego continu\u00f3 sus estudios musicales en la Escuela Elila Mena y el Conservatorio Nacional de M\u00fasica, adem\u00e1s de participar en conjuntos corales y tomar clases con diferentes maestros tales como (Mario Mart\u00ednez, Mayra Pequero, Julio D\u2019 Wind, Alexander Jim\u00e9nez \u2013 percusionista de estados unidos, entre otros.\n<br><br>\nHa participado en diferentes congresos tales como: el 1-er Congreso Internacional de Proyectos: Dise\u00f1o, Gesti\u00f3n y Direcci\u00f3n (FUNIBER), Marketing y Comunicaci\u00f3n en los Proyectos (FUNIBER), Direcci\u00f3n de proyectos en el marco  de la Cooperaci\u00f3n Internacional, innumerables cl\u00ednicas, talleres de flauta, percusi\u00f3n, canto coral entre otros, tantos nacionales como internacionales, fue miembro\u2014Fundadora de la Orquesta Filarm\u00f3nica Contempor\u00e1nea que dirig\u00eda el Maestro Dante Cucurullo, conjuntos corales de varias instituciones, percusionista de la Orquesta Son Familia dirigida por los maestros Jos\u00e9 Antonio Molina y Manuel Tejada, m\u00fasico de la orquesta Sinf\u00f3nica de Santiago dirigida por el Maestro Caonex Peguero.\n<br><br>\nComo conferencista, expositora y talleristas ha sido invitada a f\u00f3rum, ferias, conferencistas nacional e internacional (Comisionado de Cultura de Rep. Dom. En New York Estados Unidos, Europa, Colombia y Panam\u00e1. \n<br><br>\nProductora y Conductora del Programa de Televisi\u00f3n \u2015Del Arte Al Artista (CERTV 2006-2016) Ahora A diario con Ana N\u00fa\u00f1ez (YouTube), En el mismo entrevist\u00f3 a artistas muy sobresalientes a nivel nacional como internacional. Entre lo que podemos mencionar a: Phillipe Entremont, Jos\u00e9 Carrera, Jos\u00e9 Antonio Molina, Eduardo Villa, Cinthia Lorent, Juan Trinidad, Elsa N\u00fa\u00f1ez, \u00c1ngel Hache, Guillo P\u00e9rez, entre muchos otros., Diferentes Embajadores de Jap\u00f3n, Francia, Italia, Espa\u00f1a y Venezuela, directora del Museo del Louvre, directores y Curadores de Artes, tales como Isabel Mu\u00f1oz, L\u00e1zaro Carre\u00f1o y Maribel Dom\u00e9nech entre otros. Coordinadora General del M\u00e1ster en Artes y Educaci\u00f3n Intrapersonal conjuntamente en acuerdo con la universidad de UDIMA Madrid \u2013 Espa\u00f1a (Actual).\n<br><br>\nOrganizadora de diferentes proyectos, fue encargada general de Musicolegio (instituci\u00f3n encargada de dar servicios musicales en los colegios), organizadora del Primer Congreso Las Artes Como Medio de Transformaci\u00f3n Social (FUNANART \u2013 UASD) abril 2013, organizadora del Primer Encuentro de Artistas Pl\u00e1sticos (noviembre 22\/2012) bajo el Lema Creando Artes realizado en el MAM, adem\u00e1s de la escuela Don Juan en Monte Plata, organizado por la Fundaci\u00f3n Nacional de Ni\u00f1os Por Las Artes y la Fundaci\u00f3n Universo verde. \n<br><br>\nOrganizadora de diferentes cl\u00ednicas y festivales intercolegiales, ha trabajado como educadora musical en diferentes colegios de Santo Domingo tales como Saint George, San Judas Tadeo, Mundo Mar\u00eda Montessori, Inter-American School, ABC, Mi Colegio, entre otros. \n<br><br>\nEs Coordinadora del Concurso Internacional de Artes Pl\u00e1sticas y Poes\u00eda en lengua francesa, con el tema La planete aujour\u2019hui\u2026 et demain, Organizado por el Centro de la UNESCO Louis Fran\u00e7ois de Paris en RD.\n<br><br>\nIde\u00f3loga del M\u00e1ster en Artes y Educaci\u00f3n Intrapersonal y Coordinadora General en convenio con la universidad UDIMA, coordinadora de diplomados en Artes para la Educaci\u00f3n Virtual, (FUNANART e INAFOCAM), Especialista de Talleres\u2015M\u00e9todos y Estrategias efectivas para el uso de la Flauta Dulce como instrumento de f\u00e1cil manejo en las escuelas. Presidenta y Fundadora de la Fundaci\u00f3n Nacional de Ni\u00f1os por las Artes \u2015FUNANART\u201d. Hoy con m\u00e1s de 20 a\u00f1os trabajando para el arte, la cultura y los ni\u00f1os de escasos recursos.\t\t\t\t\t\t\t\t<\/div>\n\n\t\t\t\t\t\t\t\t\t\t\t\t\t\t\t\t\n\t\t\t\t\t\t\t\t\t\t\t\t\t\t\t<\/div>\n\t\t\t\t\t\t<\/div>\n\t\t\t\t\t<\/div>\n\t\t\t\t<\/div>\n\t\t\t<\/div>\n\t\t\t\t<\/div>\t\t\t\t<\/div>\n\t\t\t\t<\/div>\n\t\t\t\t\t<\/div>\n\t\t\t\t<\/div>\n\t\t<div class=\"elementor-element elementor-element-7fcd71a e-flex e-con-boxed e-con e-parent\" data-id=\"7fcd71a\" data-element_type=\"container\">\n\t\t\t\t\t<div class=\"e-con-inner\">\n\t\t\t\t<div class=\"elementor-element elementor-element-099bc5f elementor-widget elementor-widget-spacer\" data-id=\"099bc5f\" data-element_type=\"widget\" data-widget_type=\"spacer.default\">\n\t\t\t\t<div class=\"elementor-widget-container\">\n\t\t\t\t\t\t\t<div class=\"elementor-spacer\">\n\t\t\t<div class=\"elementor-spacer-inner\"><\/div>\n\t\t<\/div>\n\t\t\t\t\t\t<\/div>\n\t\t\t\t<\/div>\n\t\t\t\t\t<\/div>\n\t\t\t\t<\/div>\n\t\t\t\t<\/div>\n\t\t","protected":false},"excerpt":{"rendered":"<p>Sobre Nosotros La Fundaci\u00f3n Nacional de Ni\u00f1os Por las Artes \u201cFUNANART\u201d, creada mediante decreto No. 585, de fecha 16 de junio del 2003. Surge ante la necesidad de trabajar con ni\u00f1os, ni\u00f1as y adolescentes que poseen capacidades art\u00edsticas y no cuentan con recursos econ\u00f3micos para sorber estas inquietudes, estas son y ser\u00e1n la m\u00e9dula espinal [&hellip;]<\/p>\n","protected":false},"author":1,"featured_media":0,"parent":0,"menu_order":0,"comment_status":"closed","ping_status":"closed","template":"","meta":{"footnotes":""},"class_list":["post-19","page","type-page","status-publish","hentry"],"_links":{"self":[{"href":"https:\/\/funanart.org.do\/index.php\/wp-json\/wp\/v2\/pages\/19","targetHints":{"allow":["GET"]}}],"collection":[{"href":"https:\/\/funanart.org.do\/index.php\/wp-json\/wp\/v2\/pages"}],"about":[{"href":"https:\/\/funanart.org.do\/index.php\/wp-json\/wp\/v2\/types\/page"}],"author":[{"embeddable":true,"href":"https:\/\/funanart.org.do\/index.php\/wp-json\/wp\/v2\/users\/1"}],"replies":[{"embeddable":true,"href":"https:\/\/funanart.org.do\/index.php\/wp-json\/wp\/v2\/comments?post=19"}],"version-history":[{"count":46,"href":"https:\/\/funanart.org.do\/index.php\/wp-json\/wp\/v2\/pages\/19\/revisions"}],"predecessor-version":[{"id":627,"href":"https:\/\/funanart.org.do\/index.php\/wp-json\/wp\/v2\/pages\/19\/revisions\/627"}],"wp:attachment":[{"href":"https:\/\/funanart.org.do\/index.php\/wp-json\/wp\/v2\/media?parent=19"}],"curies":[{"name":"wp","href":"https:\/\/api.w.org\/{rel}","templated":true}]}}