{"id":24,"date":"2024-03-19T10:46:06","date_gmt":"2024-03-19T10:46:06","guid":{"rendered":"https:\/\/funanart.org.do\/?page_id=24"},"modified":"2025-06-23T01:39:48","modified_gmt":"2025-06-23T01:39:48","slug":"diplomados","status":"publish","type":"page","link":"https:\/\/funanart.org.do\/index.php\/diplomados\/","title":{"rendered":"Diplomados"},"content":{"rendered":"\t\t<div data-elementor-type=\"wp-page\" data-elementor-id=\"24\" class=\"elementor elementor-24\" data-elementor-post-type=\"page\">\n\t\t\t\t<div class=\"elementor-element elementor-element-5a48f578 e-flex e-con-boxed e-con e-child\" data-id=\"5a48f578\" data-element_type=\"container\">\n\t\t\t\t\t<div class=\"e-con-inner\">\n\t\t\t\t<div class=\"elementor-element elementor-element-1098b133 animated-slow elementor-invisible elementor-widget elementor-widget-heading\" data-id=\"1098b133\" data-element_type=\"widget\" data-settings=\"{&quot;_animation&quot;:&quot;slideInUp&quot;}\" data-widget_type=\"heading.default\">\n\t\t\t\t<div class=\"elementor-widget-container\">\n\t\t\t\t\t<h2 class=\"elementor-heading-title elementor-size-default\">Diplomados<\/h2>\t\t\t\t<\/div>\n\t\t\t\t<\/div>\n\t\t\t\t\t<\/div>\n\t\t\t\t<\/div>\n\t\t<div class=\"elementor-element elementor-element-3019296 e-flex e-con-boxed e-con e-parent\" data-id=\"3019296\" data-element_type=\"container\">\n\t\t\t\t\t<div class=\"e-con-inner\">\n\t\t\t\t<div class=\"elementor-element elementor-element-5de921a elementor-tabs-view-horizontal elementor-widget elementor-widget-tabs\" data-id=\"5de921a\" data-element_type=\"widget\" data-widget_type=\"tabs.default\">\n\t\t\t\t<div class=\"elementor-widget-container\">\n\t\t\t\t\t\t\t<div class=\"elementor-tabs\">\n\t\t\t<div class=\"elementor-tabs-wrapper\" role=\"tablist\" >\n\t\t\t\t\t\t\t\t\t<div id=\"elementor-tab-title-9841\" class=\"elementor-tab-title elementor-tab-desktop-title\" aria-selected=\"true\" data-tab=\"1\" role=\"tab\" tabindex=\"0\" aria-controls=\"elementor-tab-content-9841\" aria-expanded=\"false\">Diplomado de Educaci\u00f3n Art\u00edstica <\/div>\n\t\t\t\t\t\t\t\t\t<div id=\"elementor-tab-title-9842\" class=\"elementor-tab-title elementor-tab-desktop-title\" aria-selected=\"false\" data-tab=\"2\" role=\"tab\" tabindex=\"-1\" aria-controls=\"elementor-tab-content-9842\" aria-expanded=\"false\">Pr\u00f3ximamente<\/div>\n\t\t\t\t\t\t\t<\/div>\n\t\t\t<div class=\"elementor-tabs-content-wrapper\" role=\"tablist\" aria-orientation=\"vertical\">\n\t\t\t\t\t\t\t\t\t<div class=\"elementor-tab-title elementor-tab-mobile-title\" aria-selected=\"true\" data-tab=\"1\" role=\"tab\" tabindex=\"0\" aria-controls=\"elementor-tab-content-9841\" aria-expanded=\"false\">Diplomado de Educaci\u00f3n Art\u00edstica <\/div>\n\t\t\t\t\t<div id=\"elementor-tab-content-9841\" class=\"elementor-tab-content elementor-clearfix\" data-tab=\"1\" role=\"tabpanel\" aria-labelledby=\"elementor-tab-title-9841\" tabindex=\"0\" hidden=\"false\"><p>Ese Diplomado de Educaci\u00f3n Art\u00edstica tienen como prop\u00f3sito el desarrollo de las competencias de los docentes de Educaci\u00f3n Art\u00edstica en los aprendizajes del \u00e1rea y su adecuaci\u00f3n al entorno del aula virtual, parte 2, a fin de propiciar la apropiaci\u00f3n de contenidos para el desarrollo de competencias expl\u00edcitas y de apreciaci\u00f3n est\u00e9tica y art\u00edstica.<\/p><p><strong>Perfil del egresado.<\/strong><\/p><p>Al finalizar el diplomado los docentes de Educaci\u00f3n B\u00e1sica tendr\u00e1n el siguiente perfil:<\/p><ol><li>Conocer\u00e1n y manejaran las principales herramientas del aula virtual y utilizaran de forma adecuada los materiales educativos para la construcci\u00f3n de aprendizajes de Educaci\u00f3n Art\u00edstica.<\/li><\/ol><ol start=\"2\"><li>Los docentes estar\u00e1n en la capacidad de desarrollar las competencias de expresi\u00f3n art\u00edstica en los alumnos potenciando la creatividad y la identidad de los estudiantes.<\/li><\/ol><ol start=\"3\"><li>Implementaran actividades de apreciaci\u00f3n est\u00e9tica y art\u00edstica en el entorno virtual, estimulando el desarrollo perceptivo, cr\u00edtico y su relaci\u00f3n con el patrimonio cultural.<\/li><\/ol><ol start=\"4\"><li>Evaluar\u00e1 los aprendizajes y competencias de acuerdo a los prop\u00f3sitos curriculares, en aspecto formativo, autoevaluaci\u00f3n, y los indicadores de logros de la Educaci\u00f3n art\u00edstica.<\/li><\/ol><ol start=\"6\"><li>Implementa de forma pertinente al entorno virtual estrategias, metodolog\u00edas y actividades del \u00e1rea.<\/li><\/ol><ol start=\"7\"><li>Dise\u00f1a un proyecto de aprendizaje de los contenidos aprendidos.<\/li><li>Participa en los proyectos de mejora continua de su escuela y apoya la gesti\u00f3n Institucional<\/li><\/ol><\/div>\n\t\t\t\t\t\t\t\t\t<div class=\"elementor-tab-title elementor-tab-mobile-title\" aria-selected=\"false\" data-tab=\"2\" role=\"tab\" tabindex=\"-1\" aria-controls=\"elementor-tab-content-9842\" aria-expanded=\"false\">Pr\u00f3ximamente<\/div>\n\t\t\t\t\t<div id=\"elementor-tab-content-9842\" class=\"elementor-tab-content elementor-clearfix\" data-tab=\"2\" role=\"tabpanel\" aria-labelledby=\"elementor-tab-title-9842\" tabindex=\"0\" hidden=\"hidden\"><p>Pr\u00f3ximamente.<\/p><\/div>\n\t\t\t\t\t\t\t<\/div>\n\t\t<\/div>\n\t\t\t\t\t\t<\/div>\n\t\t\t\t<\/div>\n\t\t\t\t\t<\/div>\n\t\t\t\t<\/div>\n\t\t<div class=\"elementor-element elementor-element-744b516 e-flex e-con-boxed e-con e-parent\" data-id=\"744b516\" data-element_type=\"container\">\n\t\t\t\t\t<div class=\"e-con-inner\">\n\t\t\t\t<div class=\"elementor-element elementor-element-4dd7c8b elementor-widget elementor-widget-spacer\" data-id=\"4dd7c8b\" data-element_type=\"widget\" data-widget_type=\"spacer.default\">\n\t\t\t\t<div class=\"elementor-widget-container\">\n\t\t\t\t\t\t\t<div class=\"elementor-spacer\">\n\t\t\t<div class=\"elementor-spacer-inner\"><\/div>\n\t\t<\/div>\n\t\t\t\t\t\t<\/div>\n\t\t\t\t<\/div>\n\t\t\t\t\t<\/div>\n\t\t\t\t<\/div>\n\t\t\t\t<\/div>\n\t\t","protected":false},"excerpt":{"rendered":"<p>Diplomados Diplomado de Educaci\u00f3n Art\u00edstica Pr\u00f3ximamente Diplomado de Educaci\u00f3n Art\u00edstica Ese Diplomado de Educaci\u00f3n Art\u00edstica tienen como prop\u00f3sito el desarrollo de las competencias de los docentes de Educaci\u00f3n Art\u00edstica en los aprendizajes del \u00e1rea y su adecuaci\u00f3n al entorno del aula virtual, parte 2, a fin de propiciar la apropiaci\u00f3n de contenidos para el desarrollo [&hellip;]<\/p>\n","protected":false},"author":1,"featured_media":0,"parent":0,"menu_order":0,"comment_status":"closed","ping_status":"closed","template":"","meta":{"footnotes":""},"class_list":["post-24","page","type-page","status-publish","hentry"],"_links":{"self":[{"href":"https:\/\/funanart.org.do\/index.php\/wp-json\/wp\/v2\/pages\/24","targetHints":{"allow":["GET"]}}],"collection":[{"href":"https:\/\/funanart.org.do\/index.php\/wp-json\/wp\/v2\/pages"}],"about":[{"href":"https:\/\/funanart.org.do\/index.php\/wp-json\/wp\/v2\/types\/page"}],"author":[{"embeddable":true,"href":"https:\/\/funanart.org.do\/index.php\/wp-json\/wp\/v2\/users\/1"}],"replies":[{"embeddable":true,"href":"https:\/\/funanart.org.do\/index.php\/wp-json\/wp\/v2\/comments?post=24"}],"version-history":[{"count":31,"href":"https:\/\/funanart.org.do\/index.php\/wp-json\/wp\/v2\/pages\/24\/revisions"}],"predecessor-version":[{"id":534,"href":"https:\/\/funanart.org.do\/index.php\/wp-json\/wp\/v2\/pages\/24\/revisions\/534"}],"wp:attachment":[{"href":"https:\/\/funanart.org.do\/index.php\/wp-json\/wp\/v2\/media?parent=24"}],"curies":[{"name":"wp","href":"https:\/\/api.w.org\/{rel}","templated":true}]}}