{"id":31,"date":"2024-03-19T10:47:19","date_gmt":"2024-03-19T10:47:19","guid":{"rendered":"https:\/\/funanart.org.do\/?page_id=31"},"modified":"2025-07-02T21:23:54","modified_gmt":"2025-07-02T21:23:54","slug":"cursos","status":"publish","type":"page","link":"https:\/\/funanart.org.do\/index.php\/cursos\/","title":{"rendered":"Cursos"},"content":{"rendered":"\t\t<div data-elementor-type=\"wp-page\" data-elementor-id=\"31\" class=\"elementor elementor-31\" data-elementor-post-type=\"page\">\n\t\t\t\t<div class=\"elementor-element elementor-element-55e9c71 e-flex e-con-boxed e-con e-parent\" data-id=\"55e9c71\" data-element_type=\"container\">\n\t\t\t\t\t<div class=\"e-con-inner\">\n\t\t\t\t<div class=\"elementor-element elementor-element-a9ec23f elementor-widget elementor-widget-heading\" data-id=\"a9ec23f\" data-element_type=\"widget\" data-widget_type=\"heading.default\">\n\t\t\t\t<div class=\"elementor-widget-container\">\n\t\t\t\t\t<h2 class=\"elementor-heading-title elementor-size-default\">Nuestros Cursos <\/h2>\t\t\t\t<\/div>\n\t\t\t\t<\/div>\n\t\t\t\t\t<\/div>\n\t\t\t\t<\/div>\n\t\t<div class=\"elementor-element elementor-element-a5920d3 e-flex e-con-boxed e-con e-parent\" data-id=\"a5920d3\" data-element_type=\"container\">\n\t\t\t\t\t<div class=\"e-con-inner\">\n\t\t\t\t<div class=\"elementor-element elementor-element-a37ab71 elementor-widget elementor-widget-text-editor\" data-id=\"a37ab71\" data-element_type=\"widget\" data-widget_type=\"text-editor.default\">\n\t\t\t\t<div class=\"elementor-widget-container\">\n\t\t\t\t\t\t\t\t\t<p>Los cursos que impartimos incluyen una variedad de m\u00f3dulos dise\u00f1ados para fortalecer las competencias esenciales en los estudiantes.<\/p><ol><li>Resiliencia: Desarrollo de habilidades para enfrentar y superar desaf\u00edos, promoviendo la adaptabilidad y el bienestar emocional.<\/li><li>Resoluci\u00f3n de Problemas: T\u00e9cnicas creativas para abordar y solucionar problemas de manera efectiva, fomentando el pensamiento cr\u00edtico y la innovaci\u00f3n.<\/li><li>Calidad: Enfoque en la excelencia en las pr\u00e1cticas, ense\u00f1ando a los estudiantes a valorar y aplicar est\u00e1ndares altos en su trabajo.<\/li><li>Desarrollo Integral: Abordaje hol\u00edstico del aprendizaje, integrando aspectos emocionales, sociales y cognitivos para un crecimiento completo del estudiante.<\/li><\/ol><p>\u00a0<\/p>\t\t\t\t\t\t\t\t<\/div>\n\t\t\t\t<\/div>\n\t\t\t\t\t<\/div>\n\t\t\t\t<\/div>\n\t\t<div class=\"elementor-element elementor-element-f552d8a e-flex e-con-boxed e-con e-parent\" data-id=\"f552d8a\" data-element_type=\"container\">\n\t\t\t\t\t<div class=\"e-con-inner\">\n\t\t\t\t<div class=\"elementor-element elementor-element-0ed7dbe elementor-widget elementor-widget-elementskit-simple-tab\" data-id=\"0ed7dbe\" data-element_type=\"widget\" data-widget_type=\"elementskit-simple-tab.default\">\n\t\t\t\t<div class=\"elementor-widget-container\">\n\t\t\t\t\t<div class=\"ekit-wid-con\" >        <div class=\"elementkit-tab-wraper   elementskit-fitcontent-tab \">\n            <ul class=\"nav nav-tabs elementkit-tab-nav \">\n                                    <li class=\"elementkit-nav-item elementor-repeater-item-2829fa5\">\n                        <a class=\"elementkit-nav-link  active show left-pos\" id=\"content-2829fa569debc681e8a3-tab\" data-ekit-handler-id=\"-meta\" data-ekit-toggle=\"tab\" data-target=\"#content-2829fa569debc681e8a3\" href=\"#Content-2829fa569debc681e8a3\"\n                            data-ekit-toggle-trigger=\"click\"\n                            aria-describedby=\"Content-2829fa569debc681e8a3\">\n                            <span class=\"icon icon-earth elementskit-tab-icon\"><\/span>                            <span class=\"elementskit-tab-title\">  Meta<\/span>\n                        <\/a>\n                    <\/li>\n                                        <li class=\"elementkit-nav-item elementor-repeater-item-83aee14\">\n                        <a class=\"elementkit-nav-link  left-pos\" id=\"content-83aee1469debc681e8a3-tab\" data-ekit-handler-id=\"-impacto\" data-ekit-toggle=\"tab\" data-target=\"#content-83aee1469debc681e8a3\" href=\"#Content-83aee1469debc681e8a3\"\n                            data-ekit-toggle-trigger=\"click\"\n                            aria-describedby=\"Content-83aee1469debc681e8a3\">\n                            <span class=\"icon icon-earth elementskit-tab-icon\"><\/span>                            <span class=\"elementskit-tab-title\">  Impacto<\/span>\n                        <\/a>\n                    <\/li>\n                                <\/ul>\n\n            <div class=\"tab-content elementkit-tab-content\">\n                                    <div class=\"tab-pane elementkit-tab-pane elementor-repeater-item-2829fa5  active show\" id=\"content-2829fa569debc681e8a3\" role=\"tabpanel\"\n                         aria-labelledby=\"content-2829fa569debc681e8a3-tab\">\n                        <div class=\"animated fadeIn\">\n                            <ul><li>La meta es capacitar a los estudiantes para que apliquen estas habilidades en su vida personal y profesional, promoviendo un enfoque art\u00edstico en su desarrollo integral.<\/li><\/ul>                        <\/div>\n                    <\/div>\n                                    <div class=\"tab-pane elementkit-tab-pane elementor-repeater-item-83aee14 \" id=\"content-83aee1469debc681e8a3\" role=\"tabpanel\"\n                         aria-labelledby=\"content-83aee1469debc681e8a3-tab\">\n                        <div class=\"animated fadeIn\">\n                            <p>El impacto se evidencia en:<\/p><ul><li>Mejora de la capacidad de los estudiantes para enfrentar adversidades.<\/li><li>Aumento de la creatividad y pensamiento cr\u00edtico.<\/li><li>Fomento de un sentido de calidad en todas las actividades.<\/li><li>Desarrollo personal completo que potencia el potencial individual.<\/li><\/ul>                        <\/div>\n                    <\/div>\n                                \n            <\/div>\n                    <\/div>\n    <\/div>\t\t\t\t<\/div>\n\t\t\t\t<\/div>\n\t\t\t\t\t<\/div>\n\t\t\t\t<\/div>\n\t\t<div class=\"elementor-element elementor-element-a9f6f56 e-flex e-con-boxed e-con e-parent\" data-id=\"a9f6f56\" data-element_type=\"container\">\n\t\t\t\t\t<div class=\"e-con-inner\">\n\t\t\t\t<div class=\"elementor-element elementor-element-a28f44a elementor-widget elementor-widget-text-editor\" data-id=\"a28f44a\" data-element_type=\"widget\" data-widget_type=\"text-editor.default\">\n\t\t\t\t<div class=\"elementor-widget-container\">\n\t\t\t\t\t\t\t\t\t<p>Estos cursos est\u00e1n dise\u00f1ados para enriquecer la experiencia educativa y preparar a los estudiantes para retos futuros.<\/p>\t\t\t\t\t\t\t\t<\/div>\n\t\t\t\t<\/div>\n\t\t\t\t\t<\/div>\n\t\t\t\t<\/div>\n\t\t<div class=\"elementor-element elementor-element-c32624b e-flex e-con-boxed e-con e-parent\" data-id=\"c32624b\" data-element_type=\"container\">\n\t\t\t\t\t<div class=\"e-con-inner\">\n\t\t\t\t<div class=\"elementor-element elementor-element-0bdb61d elementor-widget elementor-widget-spacer\" data-id=\"0bdb61d\" data-element_type=\"widget\" data-widget_type=\"spacer.default\">\n\t\t\t\t<div class=\"elementor-widget-container\">\n\t\t\t\t\t\t\t<div class=\"elementor-spacer\">\n\t\t\t<div class=\"elementor-spacer-inner\"><\/div>\n\t\t<\/div>\n\t\t\t\t\t\t<\/div>\n\t\t\t\t<\/div>\n\t\t\t\t\t<\/div>\n\t\t\t\t<\/div>\n\t\t\t\t<\/div>\n\t\t","protected":false},"excerpt":{"rendered":"<p>Nuestros Cursos Los cursos que impartimos incluyen una variedad de m\u00f3dulos dise\u00f1ados para fortalecer las competencias esenciales en los estudiantes. Resiliencia: Desarrollo de habilidades para enfrentar y superar desaf\u00edos, promoviendo la adaptabilidad y el bienestar emocional. Resoluci\u00f3n de Problemas: T\u00e9cnicas creativas para abordar y solucionar problemas de manera efectiva, fomentando el pensamiento cr\u00edtico y la [&hellip;]<\/p>\n","protected":false},"author":1,"featured_media":0,"parent":0,"menu_order":0,"comment_status":"closed","ping_status":"closed","template":"","meta":{"footnotes":""},"class_list":["post-31","page","type-page","status-publish","hentry"],"_links":{"self":[{"href":"https:\/\/funanart.org.do\/index.php\/wp-json\/wp\/v2\/pages\/31","targetHints":{"allow":["GET"]}}],"collection":[{"href":"https:\/\/funanart.org.do\/index.php\/wp-json\/wp\/v2\/pages"}],"about":[{"href":"https:\/\/funanart.org.do\/index.php\/wp-json\/wp\/v2\/types\/page"}],"author":[{"embeddable":true,"href":"https:\/\/funanart.org.do\/index.php\/wp-json\/wp\/v2\/users\/1"}],"replies":[{"embeddable":true,"href":"https:\/\/funanart.org.do\/index.php\/wp-json\/wp\/v2\/comments?post=31"}],"version-history":[{"count":30,"href":"https:\/\/funanart.org.do\/index.php\/wp-json\/wp\/v2\/pages\/31\/revisions"}],"predecessor-version":[{"id":670,"href":"https:\/\/funanart.org.do\/index.php\/wp-json\/wp\/v2\/pages\/31\/revisions\/670"}],"wp:attachment":[{"href":"https:\/\/funanart.org.do\/index.php\/wp-json\/wp\/v2\/media?parent=31"}],"curies":[{"name":"wp","href":"https:\/\/api.w.org\/{rel}","templated":true}]}}