{"id":35,"date":"2024-03-19T10:48:19","date_gmt":"2024-03-19T10:48:19","guid":{"rendered":"https:\/\/funanart.org.do\/?page_id=35"},"modified":"2025-06-30T23:34:40","modified_gmt":"2025-06-30T23:34:40","slug":"noticias","status":"publish","type":"page","link":"https:\/\/funanart.org.do\/index.php\/noticias\/","title":{"rendered":"Noticias"},"content":{"rendered":"\t\t<div data-elementor-type=\"wp-page\" data-elementor-id=\"35\" class=\"elementor elementor-35\" data-elementor-post-type=\"page\">\n\t\t\t\t<div class=\"elementor-element elementor-element-4fab93be e-flex e-con-boxed e-con e-child\" data-id=\"4fab93be\" data-element_type=\"container\">\n\t\t\t\t\t<div class=\"e-con-inner\">\n\t\t\t\t<div class=\"elementor-element elementor-element-4b092dda elementor-widget elementor-widget-heading\" data-id=\"4b092dda\" data-element_type=\"widget\" data-widget_type=\"heading.default\">\n\t\t\t\t<div class=\"elementor-widget-container\">\n\t\t\t\t\t<h2 class=\"elementor-heading-title elementor-size-default\">Noticias<\/h2>\t\t\t\t<\/div>\n\t\t\t\t<\/div>\n\t\t\t\t\t<\/div>\n\t\t\t\t<\/div>\n\t\t<div class=\"elementor-element elementor-element-3243999 e-flex e-con-boxed e-con e-parent\" data-id=\"3243999\" data-element_type=\"container\">\n\t\t\t\t\t<div class=\"e-con-inner\">\n\t\t\t\t<div class=\"elementor-element elementor-element-d53a69d elementor-grid-3 elementor-grid-tablet-2 elementor-grid-mobile-1 elementor-posts--thumbnail-top elementor-card-shadow-yes elementor-posts__hover-gradient elementor-widget elementor-widget-posts\" data-id=\"d53a69d\" data-element_type=\"widget\" data-settings=\"{&quot;pagination_type&quot;:&quot;prev_next&quot;,&quot;cards_masonry&quot;:&quot;yes&quot;,&quot;cards_columns&quot;:&quot;3&quot;,&quot;cards_columns_tablet&quot;:&quot;2&quot;,&quot;cards_columns_mobile&quot;:&quot;1&quot;,&quot;cards_row_gap&quot;:{&quot;unit&quot;:&quot;px&quot;,&quot;size&quot;:35,&quot;sizes&quot;:[]},&quot;cards_row_gap_tablet&quot;:{&quot;unit&quot;:&quot;px&quot;,&quot;size&quot;:&quot;&quot;,&quot;sizes&quot;:[]},&quot;cards_row_gap_mobile&quot;:{&quot;unit&quot;:&quot;px&quot;,&quot;size&quot;:&quot;&quot;,&quot;sizes&quot;:[]}}\" data-widget_type=\"posts.cards\">\n\t\t\t\t<div class=\"elementor-widget-container\">\n\t\t\t\t\t\t\t<div class=\"elementor-posts-container elementor-posts elementor-posts--skin-cards elementor-grid\">\n\t\t\t\t<article class=\"elementor-post elementor-grid-item post-643 post type-post status-publish format-standard has-post-thumbnail hentry category-blog\">\n\t\t\t<div class=\"elementor-post__card\">\n\t\t\t\t<a class=\"elementor-post__thumbnail__link\" href=\"https:\/\/funanart.org.do\/index.php\/conferencia-internacional-sobre-la-importancia-de-las-artes-en-los-infantes-en-cef-udima-santo-domingo\/\" tabindex=\"-1\" ><div class=\"elementor-post__thumbnail\"><img fetchpriority=\"high\" decoding=\"async\" width=\"300\" height=\"200\" src=\"https:\/\/funanart.org.do\/wp-content\/uploads\/2025\/06\/Fotos-conferencia-Internacional-_La-importancia-de-las-artes-en-los-infantes_-300x200.jpg\" class=\"attachment-medium size-medium wp-image-648\" alt=\"\" srcset=\"https:\/\/funanart.org.do\/wp-content\/uploads\/2025\/06\/Fotos-conferencia-Internacional-_La-importancia-de-las-artes-en-los-infantes_-300x200.jpg 300w, https:\/\/funanart.org.do\/wp-content\/uploads\/2025\/06\/Fotos-conferencia-Internacional-_La-importancia-de-las-artes-en-los-infantes_-1024x681.jpg 1024w, https:\/\/funanart.org.do\/wp-content\/uploads\/2025\/06\/Fotos-conferencia-Internacional-_La-importancia-de-las-artes-en-los-infantes_-768x511.jpg 768w, https:\/\/funanart.org.do\/wp-content\/uploads\/2025\/06\/Fotos-conferencia-Internacional-_La-importancia-de-las-artes-en-los-infantes_-1536x1022.jpg 1536w, https:\/\/funanart.org.do\/wp-content\/uploads\/2025\/06\/Fotos-conferencia-Internacional-_La-importancia-de-las-artes-en-los-infantes_-2048x1363.jpg 2048w\" sizes=\"(max-width: 300px) 100vw, 300px\" \/><\/div><\/a>\n\t\t\t\t<div class=\"elementor-post__badge\">Blog<\/div>\n\t\t\t\t<div class=\"elementor-post__text\">\n\t\t\t\t<h3 class=\"elementor-post__title\">\n\t\t\t<a href=\"https:\/\/funanart.org.do\/index.php\/conferencia-internacional-sobre-la-importancia-de-las-artes-en-los-infantes-en-cef-udima-santo-domingo\/\" >\n\t\t\t\tConferencia Internacional sobre La Importancia de las Artes en los Infantes en CEF-UDIMA Santo Domingo\t\t\t<\/a>\n\t\t<\/h3>\n\t\t\t\t<div class=\"elementor-post__excerpt\">\n\t\t\t<p>El pasado 4 de junio se celebr\u00f3 en las instalaciones de la Universidad CEF-UDIMA Santo Domingo la Conferencia Internacional \u201cImportancia de las Artes en los<\/p>\n\t\t<\/div>\n\t\t\n\t\t<a class=\"elementor-post__read-more\" href=\"https:\/\/funanart.org.do\/index.php\/conferencia-internacional-sobre-la-importancia-de-las-artes-en-los-infantes-en-cef-udima-santo-domingo\/\" aria-label=\"Read more about Conferencia Internacional sobre La Importancia de las Artes en los Infantes en CEF-UDIMA Santo Domingo\" tabindex=\"-1\" >\n\t\t\tLeer mas \u00bb\t\t<\/a>\n\n\t\t\t\t<\/div>\n\t\t\t\t<div class=\"elementor-post__meta-data\">\n\t\t\t\t\t<span class=\"elementor-post-date\">\n\t\t\tjunio 30, 2025\t\t<\/span>\n\t\t\t\t<span class=\"elementor-post-avatar\">\n\t\t\tNo hay comentarios\t\t<\/span>\n\t\t\t\t<\/div>\n\t\t\t\t\t<\/div>\n\t\t<\/article>\n\t\t\t\t<article class=\"elementor-post elementor-grid-item post-633 post type-post status-publish format-standard has-post-thumbnail hentry category-blog\">\n\t\t\t<div class=\"elementor-post__card\">\n\t\t\t\t<a class=\"elementor-post__thumbnail__link\" href=\"https:\/\/funanart.org.do\/index.php\/graduacion-del-master-en-artes-y-educacion-intrapersonal-de-la-funanart\/\" tabindex=\"-1\" ><div class=\"elementor-post__thumbnail\"><img decoding=\"async\" width=\"300\" height=\"201\" src=\"https:\/\/funanart.org.do\/wp-content\/uploads\/2025\/06\/DSC2235-300x201.jpg\" class=\"attachment-medium size-medium wp-image-639\" alt=\"\" srcset=\"https:\/\/funanart.org.do\/wp-content\/uploads\/2025\/06\/DSC2235-300x201.jpg 300w, https:\/\/funanart.org.do\/wp-content\/uploads\/2025\/06\/DSC2235-1024x684.jpg 1024w, https:\/\/funanart.org.do\/wp-content\/uploads\/2025\/06\/DSC2235-768x513.jpg 768w, https:\/\/funanart.org.do\/wp-content\/uploads\/2025\/06\/DSC2235-1536x1027.jpg 1536w, https:\/\/funanart.org.do\/wp-content\/uploads\/2025\/06\/DSC2235-2048x1369.jpg 2048w\" sizes=\"(max-width: 300px) 100vw, 300px\" \/><\/div><\/a>\n\t\t\t\t<div class=\"elementor-post__badge\">Blog<\/div>\n\t\t\t\t<div class=\"elementor-post__text\">\n\t\t\t\t<h3 class=\"elementor-post__title\">\n\t\t\t<a href=\"https:\/\/funanart.org.do\/index.php\/graduacion-del-master-en-artes-y-educacion-intrapersonal-de-la-funanart\/\" >\n\t\t\t\tGraduaci\u00f3n del M\u00e1ster en Artes y Educaci\u00f3n Intrapersonal de la FUNANART\t\t\t<\/a>\n\t\t<\/h3>\n\t\t\t\t<div class=\"elementor-post__excerpt\">\n\t\t\t<p>El pasado 20 de marzo se celebr\u00f3 en el Auditorio del Dominico-Americano la quinta graduaci\u00f3n del M\u00e1ster en Artes y Educaci\u00f3n Intrapersonal, una iniciativa conjunta<\/p>\n\t\t<\/div>\n\t\t\n\t\t<a class=\"elementor-post__read-more\" href=\"https:\/\/funanart.org.do\/index.php\/graduacion-del-master-en-artes-y-educacion-intrapersonal-de-la-funanart\/\" aria-label=\"Read more about Graduaci\u00f3n del M\u00e1ster en Artes y Educaci\u00f3n Intrapersonal de la FUNANART\" tabindex=\"-1\" >\n\t\t\tLeer mas \u00bb\t\t<\/a>\n\n\t\t\t\t<\/div>\n\t\t\t\t<div class=\"elementor-post__meta-data\">\n\t\t\t\t\t<span class=\"elementor-post-date\">\n\t\t\tjunio 30, 2025\t\t<\/span>\n\t\t\t\t<span class=\"elementor-post-avatar\">\n\t\t\tNo hay comentarios\t\t<\/span>\n\t\t\t\t<\/div>\n\t\t\t\t\t<\/div>\n\t\t<\/article>\n\t\t\t\t<article class=\"elementor-post elementor-grid-item post-1 post type-post status-publish format-standard has-post-thumbnail hentry category-blog\">\n\t\t\t<div class=\"elementor-post__card\">\n\t\t\t\t<a class=\"elementor-post__thumbnail__link\" href=\"https:\/\/funanart.org.do\/index.php\/hello-world\/\" tabindex=\"-1\" ><div class=\"elementor-post__thumbnail\"><img decoding=\"async\" width=\"300\" height=\"225\" src=\"https:\/\/funanart.org.do\/wp-content\/uploads\/2024\/03\/Taller_Boca_Chica_8-300x225.jpg\" class=\"attachment-medium size-medium wp-image-132\" alt=\"\" srcset=\"https:\/\/funanart.org.do\/wp-content\/uploads\/2024\/03\/Taller_Boca_Chica_8-300x225.jpg 300w, https:\/\/funanart.org.do\/wp-content\/uploads\/2024\/03\/Taller_Boca_Chica_8-768x576.jpg 768w, https:\/\/funanart.org.do\/wp-content\/uploads\/2024\/03\/Taller_Boca_Chica_8.jpg 1024w\" sizes=\"(max-width: 300px) 100vw, 300px\" \/><\/div><\/a>\n\t\t\t\t<div class=\"elementor-post__badge\">Blog<\/div>\n\t\t\t\t<div class=\"elementor-post__text\">\n\t\t\t\t<h3 class=\"elementor-post__title\">\n\t\t\t<a href=\"https:\/\/funanart.org.do\/index.php\/hello-world\/\" >\n\t\t\t\tFUNANART ofrece Taller en Boca Chica\t\t\t<\/a>\n\t\t<\/h3>\n\t\t\t\t<div class=\"elementor-post__excerpt\">\n\t\t\t<p>La Fundaci\u00f3n Nacional de Ni\u00f1os por las Artes (FUNANART) inaugur\u00f3 recientemente en Boca Chica una serie de talleres art\u00edsticos dirigidos a ni\u00f1os y ni\u00f1as de<\/p>\n\t\t<\/div>\n\t\t\n\t\t<a class=\"elementor-post__read-more\" href=\"https:\/\/funanart.org.do\/index.php\/hello-world\/\" aria-label=\"Read more about FUNANART ofrece Taller en Boca Chica\" tabindex=\"-1\" >\n\t\t\tLeer mas \u00bb\t\t<\/a>\n\n\t\t\t\t<\/div>\n\t\t\t\t<div class=\"elementor-post__meta-data\">\n\t\t\t\t\t<span class=\"elementor-post-date\">\n\t\t\tmarzo 19, 2024\t\t<\/span>\n\t\t\t\t<span class=\"elementor-post-avatar\">\n\t\t\tNo hay comentarios\t\t<\/span>\n\t\t\t\t<\/div>\n\t\t\t\t\t<\/div>\n\t\t<\/article>\n\t\t\t\t<\/div>\n\t\t\n\t\t\t\t\t\t<\/div>\n\t\t\t\t<\/div>\n\t\t\t\t\t<\/div>\n\t\t\t\t<\/div>\n\t\t<div class=\"elementor-element elementor-element-e2f0bd6 e-flex e-con-boxed e-con e-parent\" data-id=\"e2f0bd6\" data-element_type=\"container\">\n\t\t\t\t\t<div class=\"e-con-inner\">\n\t\t\t\t<div class=\"elementor-element elementor-element-9326432 elementor-widget elementor-widget-spacer\" data-id=\"9326432\" data-element_type=\"widget\" data-widget_type=\"spacer.default\">\n\t\t\t\t<div class=\"elementor-widget-container\">\n\t\t\t\t\t\t\t<div class=\"elementor-spacer\">\n\t\t\t<div class=\"elementor-spacer-inner\"><\/div>\n\t\t<\/div>\n\t\t\t\t\t\t<\/div>\n\t\t\t\t<\/div>\n\t\t\t\t\t<\/div>\n\t\t\t\t<\/div>\n\t\t\t\t<\/div>\n\t\t","protected":false},"excerpt":{"rendered":"<p>Noticias<\/p>\n","protected":false},"author":1,"featured_media":0,"parent":0,"menu_order":0,"comment_status":"closed","ping_status":"closed","template":"","meta":{"footnotes":""},"class_list":["post-35","page","type-page","status-publish","hentry"],"_links":{"self":[{"href":"https:\/\/funanart.org.do\/index.php\/wp-json\/wp\/v2\/pages\/35","targetHints":{"allow":["GET"]}}],"collection":[{"href":"https:\/\/funanart.org.do\/index.php\/wp-json\/wp\/v2\/pages"}],"about":[{"href":"https:\/\/funanart.org.do\/index.php\/wp-json\/wp\/v2\/types\/page"}],"author":[{"embeddable":true,"href":"https:\/\/funanart.org.do\/index.php\/wp-json\/wp\/v2\/users\/1"}],"replies":[{"embeddable":true,"href":"https:\/\/funanart.org.do\/index.php\/wp-json\/wp\/v2\/comments?post=35"}],"version-history":[{"count":16,"href":"https:\/\/funanart.org.do\/index.php\/wp-json\/wp\/v2\/pages\/35\/revisions"}],"predecessor-version":[{"id":654,"href":"https:\/\/funanart.org.do\/index.php\/wp-json\/wp\/v2\/pages\/35\/revisions\/654"}],"wp:attachment":[{"href":"https:\/\/funanart.org.do\/index.php\/wp-json\/wp\/v2\/media?parent=35"}],"curies":[{"name":"wp","href":"https:\/\/api.w.org\/{rel}","templated":true}]}}