{"id":547,"date":"2025-06-23T01:47:50","date_gmt":"2025-06-23T01:47:50","guid":{"rendered":"https:\/\/funanart.org.do\/?page_id=547"},"modified":"2025-07-02T18:24:35","modified_gmt":"2025-07-02T18:24:35","slug":"master","status":"publish","type":"page","link":"https:\/\/funanart.org.do\/index.php\/master\/","title":{"rendered":"Master"},"content":{"rendered":"\t\t<div data-elementor-type=\"wp-page\" data-elementor-id=\"547\" class=\"elementor elementor-547\" data-elementor-post-type=\"page\">\n\t\t\t\t<div class=\"elementor-element elementor-element-07c4ba1 e-flex e-con-boxed e-con e-parent\" data-id=\"07c4ba1\" data-element_type=\"container\">\n\t\t\t\t\t<div class=\"e-con-inner\">\n\t\t\t\t<div class=\"elementor-element elementor-element-627a91b elementor-widget elementor-widget-heading\" data-id=\"627a91b\" data-element_type=\"widget\" data-widget_type=\"heading.default\">\n\t\t\t\t<div class=\"elementor-widget-container\">\n\t\t\t\t\t<h2 class=\"elementor-heading-title elementor-size-default\">Maestr\u00eda en artes y Educaci\u00f3n Intrapersonal<\/h2>\t\t\t\t<\/div>\n\t\t\t\t<\/div>\n\t\t\t\t\t<\/div>\n\t\t\t\t<\/div>\n\t\t<div class=\"elementor-element elementor-element-ca23180 e-flex e-con-boxed e-con e-parent\" data-id=\"ca23180\" data-element_type=\"container\">\n\t\t\t\t\t<div class=\"e-con-inner\">\n\t\t\t\t<div class=\"elementor-element elementor-element-3b6ee11 elementor-widget elementor-widget-text-editor\" data-id=\"3b6ee11\" data-element_type=\"widget\" data-widget_type=\"text-editor.default\">\n\t\t\t\t<div class=\"elementor-widget-container\">\n\t\t\t\t\t\t\t\t\t<p>La Maestr\u00eda en educaci\u00f3n intrapersonal para la infancia media es una propuesta acad\u00e9mica de posgrado que persigue fortalecer la formaci\u00f3n de aquellos agentes educativos y padres de familia en el terreno de la relaci\u00f3n del individuo consigo mismo y sus relaciones con los dem\u00e1s y con el entorno; as\u00ed como dotarlos de herramientas y estrategias para incursionar en una pedagog\u00eda que atienda la afinaci\u00f3n de la conciencia en los ni\u00f1os y las ni\u00f1as que se encuentran en esta etapa de su desarrollo biol\u00f3gico, psicol\u00f3gico, social y espiritual; en donde reconocerse es fundamental, para afrontar la crisis evolutiva que es la adolescencia.<\/p><p>Sabemos que, como educadores, no es nuestra responsabilidad resolver los problemas del contexto familiar. Podemos apoyar, facilitar procesos que ayuden al crecimiento de la familia, pero estamos limitados para entrar ah\u00ed. \u00c9sa ser\u00eda la labor de un terapeuta familiar; figura aconsejable dentro de la escuela y fuera de ella tambi\u00e9n. Sin embargo, el espacio y el tiempo del aula, as\u00ed como otros escenarios en donde se susciten experiencias de vinculaci\u00f3n y pertenencia son una oportunidad enorme para apoyar a los ni\u00f1os y las ni\u00f1as para que aprendan a estar consigo mismos. Ayudarlos a comprender que la vida es as\u00ed, pero que ellos tienen la capacidad de desarrollar los valores de creaci\u00f3n, de experimentar los valores de experiencia y de decidir con respecto a los valores de actitud. Se trata de dotarlos de las herramientas b\u00e1sicas para afrontar las situaciones diversas que nos ofrece la vida, gui\u00e1ndoles en el aprendizaje hacia el encuentro con su creatividad, su capacidad de autorregulaci\u00f3n emocional, desarrollar la inteligencia emocional, la voluntad de sentido, el ejercicio de la libertad y la responsabilidad, el cuidado de s\u00ed y su capacidad de resiliencia.<\/p><p>\u00a0<\/p>\t\t\t\t\t\t\t\t<\/div>\n\t\t\t\t<\/div>\n\t\t\t\t\t<\/div>\n\t\t\t\t<\/div>\n\t\t<div class=\"elementor-element elementor-element-1f2f254 e-flex e-con-boxed e-con e-parent\" data-id=\"1f2f254\" data-element_type=\"container\">\n\t\t\t\t\t<div class=\"e-con-inner\">\n\t\t\t\t<div class=\"elementor-element elementor-element-04b8191 elementor-widget elementor-widget-elementskit-simple-tab\" data-id=\"04b8191\" data-element_type=\"widget\" data-widget_type=\"elementskit-simple-tab.default\">\n\t\t\t\t<div class=\"elementor-widget-container\">\n\t\t\t\t\t<div class=\"ekit-wid-con\" >        <div class=\"elementkit-tab-wraper   elementskit-fitcontent-tab \">\n            <ul class=\"nav nav-tabs elementkit-tab-nav \">\n                                    <li class=\"elementkit-nav-item elementor-repeater-item-cf6e7cb\">\n                        <a class=\"elementkit-nav-link  active show left-pos\" id=\"content-cf6e7cb69e44ec56c10d-tab\" data-ekit-handler-id=\"-requisitos\" data-ekit-toggle=\"tab\" data-target=\"#content-cf6e7cb69e44ec56c10d\" href=\"#Content-cf6e7cb69e44ec56c10d\"\n                            data-ekit-toggle-trigger=\"click\"\n                            aria-describedby=\"Content-cf6e7cb69e44ec56c10d\">\n                            <span class=\"icon icon-earth elementskit-tab-icon\"><\/span>                            <span class=\"elementskit-tab-title\">  Requisitos<\/span>\n                        <\/a>\n                    <\/li>\n                                        <li class=\"elementkit-nav-item elementor-repeater-item-dab2a3c\">\n                        <a class=\"elementkit-nav-link  left-pos\" id=\"content-dab2a3c69e44ec56c10d-tab\" data-ekit-handler-id=\"prop-sitos\" data-ekit-toggle=\"tab\" data-target=\"#content-dab2a3c69e44ec56c10d\" href=\"#Content-dab2a3c69e44ec56c10d\"\n                            data-ekit-toggle-trigger=\"click\"\n                            aria-describedby=\"Content-dab2a3c69e44ec56c10d\">\n                            <span class=\"icon icon-earth elementskit-tab-icon\"><\/span>                            <span class=\"elementskit-tab-title\"> Prop\u00f3sitos<\/span>\n                        <\/a>\n                    <\/li>\n                                        <li class=\"elementkit-nav-item elementor-repeater-item-3d8805e\">\n                        <a class=\"elementkit-nav-link  left-pos\" id=\"content-3d8805e69e44ec56c10d-tab\" data-ekit-handler-id=\"-objetivos\" data-ekit-toggle=\"tab\" data-target=\"#content-3d8805e69e44ec56c10d\" href=\"#Content-3d8805e69e44ec56c10d\"\n                            data-ekit-toggle-trigger=\"click\"\n                            aria-describedby=\"Content-3d8805e69e44ec56c10d\">\n                            <span class=\"icon icon-earth elementskit-tab-icon\"><\/span>                            <span class=\"elementskit-tab-title\">  Objetivos<\/span>\n                        <\/a>\n                    <\/li>\n                                        <li class=\"elementkit-nav-item elementor-repeater-item-94c82ac\">\n                        <a class=\"elementkit-nav-link  left-pos\" id=\"content-94c82ac69e44ec56c10d-tab\" data-ekit-handler-id=\"programa\" data-ekit-toggle=\"tab\" data-target=\"#content-94c82ac69e44ec56c10d\" href=\"#Content-94c82ac69e44ec56c10d\"\n                            data-ekit-toggle-trigger=\"click\"\n                            aria-describedby=\"Content-94c82ac69e44ec56c10d\">\n                            <span class=\"icon icon-earth elementskit-tab-icon\"><\/span>                            <span class=\"elementskit-tab-title\"> Programa<\/span>\n                        <\/a>\n                    <\/li>\n                                <\/ul>\n\n            <div class=\"tab-content elementkit-tab-content\">\n                                    <div class=\"tab-pane elementkit-tab-pane elementor-repeater-item-cf6e7cb  active show\" id=\"content-cf6e7cb69e44ec56c10d\" role=\"tabpanel\"\n                         aria-labelledby=\"content-cf6e7cb69e44ec56c10d-tab\">\n                        <div class=\"animated fadeIn\">\n                            <p>El aspirante a ingresar a la Maestr\u00eda debe contar con t\u00edtulo de licenciatura en alguno de los siguientes campos del conocimiento:<\/p><ul><li>psicolog\u00eda, psicolog\u00eda educativa, sociolog\u00eda de la educaci\u00f3n, pedagog\u00eda, ciencias de la educaci\u00f3n, personal con formaci\u00f3n en alg\u00fan campo de la medicina, docencia en cualquiera de los niveles educativos de la educaci\u00f3n b\u00e1sica, teatro, danza, artes visuales y pl\u00e1sticas, m\u00fasica, literatura y cualquier otra licenciatura af\u00edn. O, con estudios de diplomatura, seminarios, asistencia a congresos o cualquier otra actividad acad\u00e9mica demostrable y que, en su conjunto, sumen 1440 horas de capacitaci\u00f3n y\/o pr\u00e1ctica en los siguientes temas:<\/li><li>Educaci\u00f3n som\u00e1tica, biodanza, psicoterapia humanista, gestalt, sist\u00e9mica, arte contempor\u00e1neo, literatura infantil y juvenil, uso de tecnolog\u00eda en el aula, musicoterapia, arteterapia, tanatolog\u00eda o cualquier tendencia de trabajo de crecimiento y desarrollo personal af\u00edn con una visi\u00f3n integradora de la persona.<\/li><\/ul>                        <\/div>\n                    <\/div>\n                                    <div class=\"tab-pane elementkit-tab-pane elementor-repeater-item-dab2a3c \" id=\"content-dab2a3c69e44ec56c10d\" role=\"tabpanel\"\n                         aria-labelledby=\"content-dab2a3c69e44ec56c10d-tab\">\n                        <div class=\"animated fadeIn\">\n                            <p>Desarrollar las habilidades y los recursos necesarios para que los agentes educativos puedan aplicar estrategias metodol\u00f3gicas para favorecer la relaci\u00f3n intrapersonal en los ni\u00f1os y las ni\u00f1as entre los 6 y los 12 a\u00f1os de edad, mediante la exploraci\u00f3n y la experimentaci\u00f3n de las 5 \u00e1reas de sentido: autoconocimiento, voluntad de sentido, capacidad de elecci\u00f3n, libertad y responsabilidad y autotrascendencia.<\/p>                        <\/div>\n                    <\/div>\n                                    <div class=\"tab-pane elementkit-tab-pane elementor-repeater-item-3d8805e \" id=\"content-3d8805e69e44ec56c10d\" role=\"tabpanel\"\n                         aria-labelledby=\"content-3d8805e69e44ec56c10d-tab\">\n                        <div class=\"animated fadeIn\">\n                            <p><strong>Objetivo general:<\/strong> Formar agentes educativos especialistas en educaci\u00f3n intrapersonal, capaces de comprender el proceso existencial de los ni\u00f1os y las ni\u00f1as que est\u00e1n entre los 6 y 12 a\u00f1os de edad; as\u00ed como que se apropien de herramientas creativas para trabajar la relaci\u00f3n intrapersonal e interpersonales en sus contextos espec\u00edficos de trabajo.<\/p><p><strong>Objetivos espec\u00edficos: <\/strong><\/p><p>Que los participantes:<\/p><ul><li>Exploren y experimenten las \u00e1reas de sentido, para que se reconecten con sus recursos vitales y comprendan el valor de la expresi\u00f3n, el di\u00e1logo, la solidaridad, la confianza social y la honestidad hacia el bien com\u00fan.<\/li><li>Comprendan la utilidad para el desarrollo personal y el crecimiento emocional de las experiencias de autoconocimiento, capacidad de elecci\u00f3n, de libertad y responsabilidad, de auto trascendencia y de voluntad de sentido, para que puedan imaginar estrategias creativas para trabajar con los ni\u00f1os (as).<\/li><li>Desarrollen las reflexiones necesarias para identificar la oportunidad del uso de determinadas herramientas para lograr un proceso de acompa\u00f1amiento, mientras se detonan otros aprendizajes en los ni\u00f1os y las ni\u00f1as.<\/li><li>Se apropien de las herramientas necesarias para dise\u00f1ar estrategias creativas e innovadoras en sus pr\u00e1cticas de ense\u00f1anza, comunicaci\u00f3n y manejo de emociones y sentimientos con los grupos de trabajo.<\/li><li>Desarrollen un trabajo de investigaci\u00f3n en donde apliquen los conocimientos, tanto te\u00f3ricos como pr\u00e1cticos, adquiridos durante la maestr\u00eda.<\/li><\/ul>                        <\/div>\n                    <\/div>\n                                    <div class=\"tab-pane elementkit-tab-pane elementor-repeater-item-94c82ac \" id=\"content-94c82ac69e44ec56c10d\" role=\"tabpanel\"\n                         aria-labelledby=\"content-94c82ac69e44ec56c10d-tab\">\n                        <div class=\"animated fadeIn\">\n                            <p><strong>Meses: <\/strong>18 (3 semestres)<\/p><p><strong>Cr\u00e9ditos: <\/strong>60<\/p>                        <\/div>\n                    <\/div>\n                                \n            <\/div>\n                    <\/div>\n    <\/div>\t\t\t\t<\/div>\n\t\t\t\t<\/div>\n\t\t\t\t\t<\/div>\n\t\t\t\t<\/div>\n\t\t<div class=\"elementor-element elementor-element-f25d49a e-flex e-con-boxed e-con e-parent\" data-id=\"f25d49a\" data-element_type=\"container\">\n\t\t\t\t\t<div class=\"e-con-inner\">\n\t\t\t\t<div class=\"elementor-element elementor-element-b1d8559 elementor-widget elementor-widget-spacer\" data-id=\"b1d8559\" data-element_type=\"widget\" data-widget_type=\"spacer.default\">\n\t\t\t\t<div class=\"elementor-widget-container\">\n\t\t\t\t\t\t\t<div class=\"elementor-spacer\">\n\t\t\t<div class=\"elementor-spacer-inner\"><\/div>\n\t\t<\/div>\n\t\t\t\t\t\t<\/div>\n\t\t\t\t<\/div>\n\t\t\t\t\t<\/div>\n\t\t\t\t<\/div>\n\t\t\t\t<\/div>\n\t\t","protected":false},"excerpt":{"rendered":"<p>Maestr\u00eda en artes y Educaci\u00f3n Intrapersonal La Maestr\u00eda en educaci\u00f3n intrapersonal para la infancia media es una propuesta acad\u00e9mica de posgrado que persigue fortalecer la formaci\u00f3n de aquellos agentes educativos y padres de familia en el terreno de la relaci\u00f3n del individuo consigo mismo y sus relaciones con los dem\u00e1s y con el entorno; as\u00ed [&hellip;]<\/p>\n","protected":false},"author":2,"featured_media":0,"parent":0,"menu_order":0,"comment_status":"closed","ping_status":"closed","template":"","meta":{"footnotes":""},"class_list":["post-547","page","type-page","status-publish","hentry"],"_links":{"self":[{"href":"https:\/\/funanart.org.do\/index.php\/wp-json\/wp\/v2\/pages\/547","targetHints":{"allow":["GET"]}}],"collection":[{"href":"https:\/\/funanart.org.do\/index.php\/wp-json\/wp\/v2\/pages"}],"about":[{"href":"https:\/\/funanart.org.do\/index.php\/wp-json\/wp\/v2\/types\/page"}],"author":[{"embeddable":true,"href":"https:\/\/funanart.org.do\/index.php\/wp-json\/wp\/v2\/users\/2"}],"replies":[{"embeddable":true,"href":"https:\/\/funanart.org.do\/index.php\/wp-json\/wp\/v2\/comments?post=547"}],"version-history":[{"count":16,"href":"https:\/\/funanart.org.do\/index.php\/wp-json\/wp\/v2\/pages\/547\/revisions"}],"predecessor-version":[{"id":658,"href":"https:\/\/funanart.org.do\/index.php\/wp-json\/wp\/v2\/pages\/547\/revisions\/658"}],"wp:attachment":[{"href":"https:\/\/funanart.org.do\/index.php\/wp-json\/wp\/v2\/media?parent=547"}],"curies":[{"name":"wp","href":"https:\/\/api.w.org\/{rel}","templated":true}]}}